{"id":7811,"date":"2023-01-25T16:41:09","date_gmt":"2023-01-25T15:41:09","guid":{"rendered":"https:\/\/www.bps-salzkotten.de\/?page_id=7811"},"modified":"2023-02-06T09:30:58","modified_gmt":"2023-02-06T08:30:58","slug":"farbkarte-asphalt","status":"publish","type":"page","link":"https:\/\/www.bps-salzkotten.de\/en\/farbkarte-asphalt\/","title":{"rendered":"Color Card Asphalt"},"content":{"rendered":"<section class=\"l-section wpb_row us_custom_ea56f62c height_auto\"><div class=\"l-section-h i-cf\"><div class=\"g-cols vc_row via_grid cols_1 laptops-cols_inherit tablets-cols_inherit mobiles-cols_1 valign_top type_default stacking_default\"><div class=\"wpb_column vc_column_container\"><div class=\"vc_column-inner\"><div class=\"w-separator size_medium\"><\/div><\/div><\/div><\/div><\/div><\/section><section class=\"l-section wpb_row us_custom_4fb9e5a3 height_auto\"><div class=\"l-section-h i-cf\"><div class=\"g-cols vc_row via_grid cols_1 laptops-cols_inherit tablets-cols_inherit mobiles-cols_1 valign_top type_default stacking_default\"><div class=\"wpb_column vc_column_container\"><div class=\"vc_column-inner\"><div class=\"w-separator size_medium\"><\/div><div class=\"wpb_text_column us_custom_e2aee182\"><div class=\"wpb_wrapper\"><p class=\"uk-h4 uk-margin-top-remove\" style=\"text-align: center;\">Color Card Asphalt<\/p>\n<\/div><\/div><div class=\"w-separator size_small\"><\/div><div class=\"wpb_text_column\"><div class=\"wpb_wrapper\"><h1 class=\"uk-h1\" style=\"text-align: center;\">Endless variations of coloring<\/h1>\n<\/div><\/div><div class=\"w-separator size_medium\"><\/div><\/div><\/div><\/div><\/div><\/section><section class=\"l-section wpb_row us_custom_0d15be52 height_auto\"><div class=\"l-section-h i-cf\"><div class=\"g-cols vc_row via_grid cols_1 laptops-cols_inherit tablets-cols_inherit mobiles-cols_1 valign_top type_default stacking_default\"><div class=\"wpb_column vc_column_container\"><div class=\"vc_column-inner\"><div class=\"w-separator size_medium\"><\/div><\/div><\/div><\/div><\/div><\/section><section class=\"l-section wpb_row height_auto\"><div class=\"l-section-h i-cf\"><div class=\"g-cols vc_row via_grid cols_1 laptops-cols_inherit tablets-cols_inherit mobiles-cols_1 valign_top type_default stacking_default\"><div class=\"wpb_column vc_column_container\"><div class=\"vc_column-inner\"><div class=\"w-separator size_medium\"><\/div><div class=\"g-cols wpb_row via_grid cols_2 laptops-cols_inherit tablets-cols_inherit mobiles-cols_1 valign_top type_default stacking_default\"><div class=\"wpb_column vc_column_container\"><div class=\"vc_column-inner\"><div class=\"wpb_text_column\"><div class=\"wpb_wrapper\"><h3 class=\"uk-panel-title\">Color Card Asphalt<\/h3>\n<\/div><\/div><div class=\"w-separator size_small\"><\/div><div class=\"w-image align_none\"><a target=\"_blank\" href=\"https:\/\/www.bps-salzkotten.de\/wp-content\/uploads\/2023\/01\/farbkarte_asphalt.pdf\" rel=\"noopener\" aria-label=\"Link\" class=\"w-image-h\"><img loading=\"lazy\" decoding=\"async\" width=\"778\" height=\"1100\" src=\"https:\/\/www.bps-salzkotten.de\/wp-content\/uploads\/2023\/01\/farbkarte_asphalt.jpg\" class=\"attachment-full size-full\" alt=\"\" srcset=\"https:\/\/www.bps-salzkotten.de\/wp-content\/uploads\/2023\/01\/farbkarte_asphalt.jpg 778w, https:\/\/www.bps-salzkotten.de\/wp-content\/uploads\/2023\/01\/farbkarte_asphalt-212x300.jpg 212w, https:\/\/www.bps-salzkotten.de\/wp-content\/uploads\/2023\/01\/farbkarte_asphalt-724x1024.jpg 724w, https:\/\/www.bps-salzkotten.de\/wp-content\/uploads\/2023\/01\/farbkarte_asphalt-71x100.jpg 71w, https:\/\/www.bps-salzkotten.de\/wp-content\/uploads\/2023\/01\/farbkarte_asphalt-141x200.jpg 141w, https:\/\/www.bps-salzkotten.de\/wp-content\/uploads\/2023\/01\/farbkarte_asphalt-106x150.jpg 106w\" sizes=\"auto, (max-width: 778px) 100vw, 778px\" \/><\/a><\/div><div class=\"w-separator size_small\"><\/div><div class=\"w-btn-wrapper align_none\"><a class=\"w-btn us-btn-style_1\" target=\"_blank\" href=\"https:\/\/www.bps-salzkotten.de\/wp-content\/uploads\/2023\/01\/farbkarte_asphalt.pdf\" rel=\"noopener\"><span class=\"w-btn-label\">PDF herunterladen<\/span><\/a><\/div><\/div><\/div><div class=\"wpb_column vc_column_container\"><div class=\"vc_column-inner\"><\/div><\/div><\/div><div class=\"w-separator size_medium\"><\/div><div class=\"w-separator size_medium\"><\/div><\/div><\/div><\/div><\/div><\/section><section class=\"l-section wpb_row height_auto\"><div class=\"l-section-h i-cf\"><div class=\"g-cols vc_row via_grid cols_1 laptops-cols_inherit tablets-cols_inherit mobiles-cols_1 valign_top type_default stacking_default\"><div class=\"wpb_column vc_column_container\"><div class=\"vc_column-inner\"><div class=\"w-separator size_medium\"><\/div><\/div><\/div><\/div><\/div><\/section><section class=\"l-section wpb_row height_auto\"><div class=\"l-section-h i-cf\"><div class=\"g-cols vc_row via_grid cols_1 laptops-cols_inherit tablets-cols_inherit mobiles-cols_1 valign_top type_default stacking_default\"><div class=\"wpb_column vc_column_container\"><div class=\"vc_column-inner\"><section class=\"l-section wpb_row us_custom_e676386f height_custom\"><div class=\"l-section-h i-cf\"><div class=\"g-cols vc_row via_grid cols_custom laptops-cols_inherit tablets-cols_inherit mobiles-cols_1 valign_top type_default stacking_default\" style=\"--custom-columns:2fr 1fr 1fr 1fr 1fr \"><div class=\"wpb_column vc_column_container us_custom_d9732bde\"><div class=\"vc_column-inner\"><div class=\"wpb_text_column\"><div class=\"wpb_wrapper\"><h3>BPS GmbH<\/h3>\n<p>Dipl. Btw. Ralf Schrewe<br \/>\nGeseker Stra\u00dfe 31<br \/>\n33154 Salzkotten<\/p>\n<\/div><\/div><div class=\"w-separator size_small\"><\/div><div class=\"w-iconbox iconpos_left style_default color_custom align_left no_title\"><div class=\"w-iconbox-icon\" style=\"font-size:25px;--icon-color:var(--color-content-text);\"><i class=\"fas fa-phone-alt\"><\/i><\/div><div class=\"w-iconbox-meta\"><div class=\"w-iconbox-text\"><p><a href=\"tel:+4905258991515\">+49 (0) 52 58 \/ 99 15 15<\/a><\/p>\n<\/div><\/div><\/div><div class=\"w-separator size_small\"><\/div><div class=\"w-iconbox iconpos_left style_default color_custom align_left no_title\"><div class=\"w-iconbox-icon\" style=\"font-size:25px;--icon-color:var(--color-content-text);\"><i class=\"fas fa-fax\"><\/i><\/div><div class=\"w-iconbox-meta\"><div class=\"w-iconbox-text\"><p><a href=\"fax:+4905258991510\">+49 (0) 52 58 \/ 99 15 10<\/a><\/p>\n<\/div><\/div><\/div><div class=\"w-separator size_small\"><\/div><div class=\"w-iconbox iconpos_left style_default color_custom align_left no_title\"><div class=\"w-iconbox-icon\" style=\"font-size:25px;--icon-color:var(--color-content-text);\"><i class=\"fas fa-mobile-alt\"><\/i><\/div><div class=\"w-iconbox-meta\"><div class=\"w-iconbox-text\"><p><a href=\"tel:+4901723767646\">+49 (0) 172 \/ 37 67 646<\/a><\/p>\n<\/div><\/div><\/div><div class=\"w-separator size_small\"><\/div><div class=\"w-iconbox iconpos_left style_default color_custom align_left no_title\"><div class=\"w-iconbox-icon\" style=\"font-size:25px;--icon-color:var(--color-content-text);\"><i class=\"fas fa-envelope\"><\/i><\/div><div class=\"w-iconbox-meta\"><div class=\"w-iconbox-text\"><p><a href=\"mailto:ralf.schrewe@bps-salzkotten.de\">ralf.schrewe@bps-salzkotten.de<\/a><\/p>\n<\/div><\/div><\/div><div class=\"w-separator size_medium\"><\/div><div class=\"wpb_text_column\"><div class=\"wpb_wrapper\"><p><a href=\"https:\/\/www.bps-salzkotten.de\/en\/impressum\/\">Imprint<\/a> | <a href=\"https:\/\/www.bps-salzkotten.de\/en\/datenschutz\/\">Privacy<\/a> | <a href=\"https:\/\/www.bps-salzkotten.de\/wp-content\/uploads\/2023\/01\/agb_bps_gmbh.pdf\">AGB<\/a><\/p>\n<\/div><\/div><\/div><\/div><div class=\"wpb_column vc_column_container\"><div class=\"vc_column-inner\"><div class=\"wpb_text_column\"><div class=\"wpb_wrapper\"><h3>General<\/h3>\n<p><a href=\"https:\/\/www.bps-salzkotten.de\/en\/ueber-uns\/\">About us<\/a><\/p>\n<p><a href=\"https:\/\/www.bps-salzkotten.de\/en\/kontakt\/\">Contact<\/a><\/p>\n<h3><\/h3>\n<\/div><\/div><\/div><\/div><div class=\"wpb_column vc_column_container\"><div class=\"vc_column-inner\"><div class=\"wpb_text_column\"><div class=\"wpb_wrapper\"><h3>Building materials<\/h3>\n<p><a href=\"https:\/\/www.bps-salzkotten.de\/en\/zement-und-kalkgebundene-baustoffe\/\">Cement<\/a><\/p>\n<p><a href=\"https:\/\/www.bps-salzkotten.de\/en\/pechschwarz-intensiv\/\">Pechschwarz Intensiv<\/a><\/p>\n<h3><\/h3>\n<\/div><\/div><\/div><\/div><div class=\"wpb_column vc_column_container\"><div class=\"vc_column-inner\"><div class=\"wpb_text_column\"><div class=\"wpb_wrapper\"><h3>Coloring Asphalt<\/h3>\n<p><a href=\"https:\/\/www.bps-salzkotten.de\/en\/asphalt\/\">Colored asphalt<\/a><\/p>\n<p><a href=\"https:\/\/www.bps-salzkotten.de\/en\/individuelle-verpackungen\/\">Packaging<\/a><\/p>\n<p><a href=\"https:\/\/www.bps-salzkotten.de\/en\/video\/\">Video<\/a><\/p>\n<h3><\/h3>\n<\/div><\/div><\/div><\/div><div class=\"wpb_column vc_column_container\"><div class=\"vc_column-inner\"><div class=\"wpb_text_column\"><div class=\"wpb_wrapper\"><h3>Color Card<\/h3>\n<p><a href=\"https:\/\/www.bps-salzkotten.de\/en\/farbkarte-asphalt\/\">Color Card Asphalt<\/a><\/p>\n<p><a href=\"https:\/\/www.bps-salzkotten.de\/en\/farbkarte-zement\/\">Color Card Cement<\/a><\/p>\n<\/div><\/div><\/div><\/div><\/div><\/div><\/section>\n<\/div><\/div><\/div><\/div><\/section>","protected":false},"excerpt":{"rendered":"Farbkarte Asphalt Unendliche Variationen der Einf\u00e4rbung Farbkarte Asphalteinf\u00e4rbung PDF herunterladenBPS GmbH Dipl. Btw. Ralf Schrewe Geseker Stra\u00dfe 31 33154 Salzkotten +49 (0) 52 58 \/ 99 15 15 +49 (0) 52 58 \/ 99 15 10 +49 (0) 172 \/ 37 67 646 ralf.schrewe@bps-salzkotten.de Impressum | Datenschutz | AGB Allgemeines \u00dcber uns Kontakt Baustoffe Zement...","protected":false},"author":1,"featured_media":0,"parent":0,"menu_order":0,"comment_status":"closed","ping_status":"closed","template":"","meta":{"footnotes":""},"class_list":["post-7811","page","type-page","status-publish","hentry"],"yoast_head":"<!-- This site is optimized with the Yoast SEO plugin v27.1.1 - https:\/\/yoast.com\/product\/yoast-seo-wordpress\/ -->\n<title>Farbkarte Asphalt - BPS Baustoff - und Handels GmbH<\/title>\n<meta name=\"description\" content=\"BPS \u2013 Unendliche Variationen der Einf\u00e4rbung \u2013 Farbkarte Asphalteinf\u00e4rbung\u2026\" \/>\n<meta name=\"robots\" content=\"index, follow, max-snippet:-1, max-image-preview:large, max-video-preview:-1\" \/>\n<link rel=\"canonical\" href=\"https:\/\/www.bps-salzkotten.de\/en\/farbkarte-asphalt\/\" \/>\n<meta property=\"og:locale\" content=\"en_US\" \/>\n<meta property=\"og:type\" content=\"article\" \/>\n<meta property=\"og:title\" content=\"Farbkarte Asphalt - BPS Baustoff - und Handels GmbH\" \/>\n<meta property=\"og:description\" content=\"BPS \u2013 Unendliche Variationen der Einf\u00e4rbung \u2013 Farbkarte Asphalteinf\u00e4rbung\u2026\" \/>\n<meta property=\"og:url\" content=\"https:\/\/www.bps-salzkotten.de\/en\/farbkarte-asphalt\/\" \/>\n<meta property=\"og:site_name\" content=\"BPS Baustoff - und Handels GmbH\" \/>\n<meta property=\"article:modified_time\" content=\"2023-02-06T08:30:58+00:00\" \/>\n<meta name=\"twitter:card\" content=\"summary_large_image\" \/>\n<meta name=\"twitter:label1\" content=\"Est. reading time\" \/>\n\t<meta name=\"twitter:data1\" content=\"1 minute\" \/>\n<script type=\"application\/ld+json\" class=\"yoast-schema-graph\">{\"@context\":\"https:\/\/schema.org\",\"@graph\":[{\"@type\":\"WebPage\",\"@id\":\"https:\/\/www.bps-salzkotten.de\/farbkarte-asphalt\/\",\"url\":\"https:\/\/www.bps-salzkotten.de\/farbkarte-asphalt\/\",\"name\":\"Farbkarte Asphalt - BPS Baustoff - und Handels GmbH\",\"isPartOf\":{\"@id\":\"https:\/\/www.bps-salzkotten.de\/#website\"},\"datePublished\":\"2023-01-25T15:41:09+00:00\",\"dateModified\":\"2023-02-06T08:30:58+00:00\",\"description\":\"BPS \u2013 Unendliche Variationen der Einf\u00e4rbung \u2013 Farbkarte Asphalteinf\u00e4rbung\u2026\",\"breadcrumb\":{\"@id\":\"https:\/\/www.bps-salzkotten.de\/farbkarte-asphalt\/#breadcrumb\"},\"inLanguage\":\"en-US\",\"potentialAction\":[{\"@type\":\"ReadAction\",\"target\":[\"https:\/\/www.bps-salzkotten.de\/farbkarte-asphalt\/\"]}]},{\"@type\":\"BreadcrumbList\",\"@id\":\"https:\/\/www.bps-salzkotten.de\/farbkarte-asphalt\/#breadcrumb\",\"itemListElement\":[{\"@type\":\"ListItem\",\"position\":1,\"name\":\"Startseite\",\"item\":\"https:\/\/www.bps-salzkotten.de\/\"},{\"@type\":\"ListItem\",\"position\":2,\"name\":\"Farbkarte Asphalt\"}]},{\"@type\":\"WebSite\",\"@id\":\"https:\/\/www.bps-salzkotten.de\/#website\",\"url\":\"https:\/\/www.bps-salzkotten.de\/\",\"name\":\"BPS Baustoff - und Handels GmbH\",\"description\":\"\",\"potentialAction\":[{\"@type\":\"SearchAction\",\"target\":{\"@type\":\"EntryPoint\",\"urlTemplate\":\"https:\/\/www.bps-salzkotten.de\/?s={search_term_string}\"},\"query-input\":{\"@type\":\"PropertyValueSpecification\",\"valueRequired\":true,\"valueName\":\"search_term_string\"}}],\"inLanguage\":\"en-US\"}]}<\/script>\n<!-- \/ Yoast SEO plugin. -->","yoast_head_json":{"title":"Farbkarte Asphalt - BPS Baustoff - und Handels GmbH","description":"BPS \u2013 Unendliche Variationen der Einf\u00e4rbung \u2013 Farbkarte Asphalteinf\u00e4rbung\u2026","robots":{"index":"index","follow":"follow","max-snippet":"max-snippet:-1","max-image-preview":"max-image-preview:large","max-video-preview":"max-video-preview:-1"},"canonical":"https:\/\/www.bps-salzkotten.de\/en\/farbkarte-asphalt\/","og_locale":"en_US","og_type":"article","og_title":"Farbkarte Asphalt - BPS Baustoff - und Handels GmbH","og_description":"BPS \u2013 Unendliche Variationen der Einf\u00e4rbung \u2013 Farbkarte Asphalteinf\u00e4rbung\u2026","og_url":"https:\/\/www.bps-salzkotten.de\/en\/farbkarte-asphalt\/","og_site_name":"BPS Baustoff - und Handels GmbH","article_modified_time":"2023-02-06T08:30:58+00:00","twitter_card":"summary_large_image","twitter_misc":{"Est. reading time":"1 minute"},"schema":{"@context":"https:\/\/schema.org","@graph":[{"@type":"WebPage","@id":"https:\/\/www.bps-salzkotten.de\/farbkarte-asphalt\/","url":"https:\/\/www.bps-salzkotten.de\/farbkarte-asphalt\/","name":"Farbkarte Asphalt - BPS Baustoff - und Handels GmbH","isPartOf":{"@id":"https:\/\/www.bps-salzkotten.de\/#website"},"datePublished":"2023-01-25T15:41:09+00:00","dateModified":"2023-02-06T08:30:58+00:00","description":"BPS \u2013 Unendliche Variationen der Einf\u00e4rbung \u2013 Farbkarte Asphalteinf\u00e4rbung\u2026","breadcrumb":{"@id":"https:\/\/www.bps-salzkotten.de\/farbkarte-asphalt\/#breadcrumb"},"inLanguage":"en-US","potentialAction":[{"@type":"ReadAction","target":["https:\/\/www.bps-salzkotten.de\/farbkarte-asphalt\/"]}]},{"@type":"BreadcrumbList","@id":"https:\/\/www.bps-salzkotten.de\/farbkarte-asphalt\/#breadcrumb","itemListElement":[{"@type":"ListItem","position":1,"name":"Startseite","item":"https:\/\/www.bps-salzkotten.de\/"},{"@type":"ListItem","position":2,"name":"Farbkarte Asphalt"}]},{"@type":"WebSite","@id":"https:\/\/www.bps-salzkotten.de\/#website","url":"https:\/\/www.bps-salzkotten.de\/","name":"BPS Baustoff - und Handels GmbH","description":"","potentialAction":[{"@type":"SearchAction","target":{"@type":"EntryPoint","urlTemplate":"https:\/\/www.bps-salzkotten.de\/?s={search_term_string}"},"query-input":{"@type":"PropertyValueSpecification","valueRequired":true,"valueName":"search_term_string"}}],"inLanguage":"en-US"}]}},"_links":{"self":[{"href":"https:\/\/www.bps-salzkotten.de\/en\/wp-json\/wp\/v2\/pages\/7811","targetHints":{"allow":["GET"]}}],"collection":[{"href":"https:\/\/www.bps-salzkotten.de\/en\/wp-json\/wp\/v2\/pages"}],"about":[{"href":"https:\/\/www.bps-salzkotten.de\/en\/wp-json\/wp\/v2\/types\/page"}],"author":[{"embeddable":true,"href":"https:\/\/www.bps-salzkotten.de\/en\/wp-json\/wp\/v2\/users\/1"}],"replies":[{"embeddable":true,"href":"https:\/\/www.bps-salzkotten.de\/en\/wp-json\/wp\/v2\/comments?post=7811"}],"version-history":[{"count":3,"href":"https:\/\/www.bps-salzkotten.de\/en\/wp-json\/wp\/v2\/pages\/7811\/revisions"}],"predecessor-version":[{"id":7947,"href":"https:\/\/www.bps-salzkotten.de\/en\/wp-json\/wp\/v2\/pages\/7811\/revisions\/7947"}],"wp:attachment":[{"href":"https:\/\/www.bps-salzkotten.de\/en\/wp-json\/wp\/v2\/media?parent=7811"}],"curies":[{"name":"wp","href":"https:\/\/api.w.org\/{rel}","templated":true}]}}