{"id":7793,"date":"2023-01-25T16:37:21","date_gmt":"2023-01-25T15:37:21","guid":{"rendered":"https:\/\/www.bps-salzkotten.de\/?page_id=7793"},"modified":"2023-02-06T09:22:12","modified_gmt":"2023-02-06T08:22:12","slug":"ueber-uns","status":"publish","type":"page","link":"https:\/\/www.bps-salzkotten.de\/en\/ueber-uns\/","title":{"rendered":"About us"},"content":{"rendered":"<section class=\"l-section wpb_row us_custom_ea56f62c height_auto\"><div class=\"l-section-h i-cf\"><div class=\"g-cols vc_row via_grid cols_1 laptops-cols_inherit tablets-cols_inherit mobiles-cols_1 valign_top type_default stacking_default\"><div class=\"wpb_column vc_column_container\"><div class=\"vc_column-inner\"><div class=\"w-separator size_medium\"><\/div><\/div><\/div><\/div><\/div><\/section><section class=\"l-section wpb_row us_custom_4fb9e5a3 height_auto\"><div class=\"l-section-h i-cf\"><div class=\"g-cols vc_row via_grid cols_1 laptops-cols_inherit tablets-cols_inherit mobiles-cols_1 valign_top type_default stacking_default\"><div class=\"wpb_column vc_column_container\"><div class=\"vc_column-inner\"><div class=\"w-separator size_medium\"><\/div><div class=\"wpb_text_column us_custom_e2aee182\"><div class=\"wpb_wrapper\"><p class=\"uk-h4 uk-margin-top-remove\" style=\"text-align: center;\">BPS GmbH<\/p>\n<\/div><\/div><div class=\"w-separator size_small\"><\/div><div class=\"wpb_text_column\"><div class=\"wpb_wrapper\"><h1 class=\"uk-h1\" style=\"text-align: center;\">About us<\/h1>\n<\/div><\/div><div class=\"w-separator size_medium\"><\/div><\/div><\/div><\/div><\/div><\/section><section class=\"l-section wpb_row us_custom_0d15be52 height_auto\"><div class=\"l-section-h i-cf\"><div class=\"g-cols vc_row via_grid cols_1 laptops-cols_inherit tablets-cols_inherit mobiles-cols_1 valign_top type_default stacking_default\"><div class=\"wpb_column vc_column_container\"><div class=\"vc_column-inner\"><div class=\"w-separator size_medium\"><\/div><\/div><\/div><\/div><\/div><\/section><section class=\"l-section wpb_row height_auto\"><div class=\"l-section-h i-cf\"><div class=\"g-cols vc_row via_grid cols_1 laptops-cols_inherit tablets-cols_inherit mobiles-cols_1 valign_top type_default stacking_default\"><div class=\"wpb_column vc_column_container\"><div class=\"vc_column-inner\"><div class=\"w-separator size_huge\"><\/div><div class=\"w-image us_custom_d821b71e align_center\"><div class=\"w-image-h\"><img loading=\"lazy\" decoding=\"async\" width=\"2560\" height=\"900\" src=\"https:\/\/www.bps-salzkotten.de\/wp-content\/uploads\/2023\/01\/u1eberuns-scaled.jpg\" class=\"attachment-us_3000_3000 size-us_3000_3000\" alt=\"\" srcset=\"https:\/\/www.bps-salzkotten.de\/wp-content\/uploads\/2023\/01\/u1eberuns-scaled.jpg 2560w, https:\/\/www.bps-salzkotten.de\/wp-content\/uploads\/2023\/01\/u1eberuns-300x106.jpg 300w, https:\/\/www.bps-salzkotten.de\/wp-content\/uploads\/2023\/01\/u1eberuns-1024x360.jpg 1024w, https:\/\/www.bps-salzkotten.de\/wp-content\/uploads\/2023\/01\/u1eberuns-1536x540.jpg 1536w, https:\/\/www.bps-salzkotten.de\/wp-content\/uploads\/2023\/01\/u1eberuns-100x35.jpg 100w, https:\/\/www.bps-salzkotten.de\/wp-content\/uploads\/2023\/01\/u1eberuns-200x70.jpg 200w, https:\/\/www.bps-salzkotten.de\/wp-content\/uploads\/2023\/01\/u1eberuns-150x53.jpg 150w\" sizes=\"auto, (max-width: 2560px) 100vw, 2560px\" \/><\/div><\/div><div class=\"w-separator size_huge\"><\/div><\/div><\/div><\/div><\/div><\/section><section class=\"l-section wpb_row height_auto\"><div class=\"l-section-h i-cf\"><div class=\"g-cols vc_row via_grid cols_1 laptops-cols_inherit tablets-cols_inherit mobiles-cols_1 valign_top type_default stacking_default\"><div class=\"wpb_column vc_column_container\"><div class=\"vc_column-inner\"><div class=\"wpb_text_column\"><div class=\"wpb_wrapper\"><h1 class=\"uk-h1 uk-margin-top-remove\">About us<\/h1>\n<\/div><\/div><div class=\"w-separator size_medium\"><\/div><div class=\"g-cols wpb_row via_grid cols_2 laptops-cols_inherit tablets-cols_inherit mobiles-cols_1 valign_top type_default stacking_default\"><div class=\"wpb_column vc_column_container\"><div class=\"vc_column-inner\"><div class=\"wpb_text_column\"><div class=\"wpb_wrapper\"><div class=\"uk-margin-top\">\n<div class=\"uk-grid\">\n<div class=\"uk-width-medium-1-2\">\n<div class=\"uk-panel\">\n<p class=\"translation-block\">The BPS GmbH was founded in 2003. Beside their core business -based on its historical roots \u2013 production and sales of admixtures for concrete and cement the company entered very successful the business field of coloring asphalt and concrete.<\/p>\n<p class=\"translation-block\">The BPS GmbH has cooperations with well-known producers of high quality Iron Oxides, Titanium dioxides, Carbon Blacks etc. and could offer the full product range for coloring products in nearly every industry.<\/p>\n<\/div>\n<\/div>\n<\/div>\n<\/div>\n<\/div><\/div><\/div><\/div><div class=\"wpb_column vc_column_container\"><div class=\"vc_column-inner\"><div class=\"wpb_text_column\"><div class=\"wpb_wrapper\"><p class=\"translation-block\">Beside standard packaging \u2013 the BPS GmbH is offering individual packing based on customer\u2019s needs \u2013 like PE-bags \u2013 low melting, cold water soluble bags etc. \nThe close customer contact is very important for the company and the for sure expected flexibility and reliability towards our customers and partners is essential.<\/p>\n<p class=\"translation-block\">Our guideline: \u201c There is only one boss. The customer. And he can fire everybody in the company from the chairman on down, simply by spending his money somewhere else.\u201d<\/p>\n<\/div><\/div><\/div><\/div><\/div><\/div><\/div><\/div><\/div><\/section><section class=\"l-section wpb_row height_auto\"><div class=\"l-section-h i-cf\"><div class=\"g-cols vc_row via_grid cols_1 laptops-cols_inherit tablets-cols_inherit mobiles-cols_1 valign_top type_default stacking_default\"><div class=\"wpb_column vc_column_container\"><div class=\"vc_column-inner\"><div class=\"w-separator size_medium\"><\/div><\/div><\/div><\/div><\/div><\/section><section class=\"l-section wpb_row height_auto\"><div class=\"l-section-h i-cf\"><div class=\"g-cols vc_row via_grid cols_1 laptops-cols_inherit tablets-cols_inherit mobiles-cols_1 valign_top type_default stacking_default\"><div class=\"wpb_column vc_column_container\"><div class=\"vc_column-inner\"><section class=\"l-section wpb_row us_custom_e676386f height_custom\"><div class=\"l-section-h i-cf\"><div class=\"g-cols vc_row via_grid cols_custom laptops-cols_inherit tablets-cols_inherit mobiles-cols_1 valign_top type_default stacking_default\" style=\"--custom-columns:2fr 1fr 1fr 1fr 1fr \"><div class=\"wpb_column vc_column_container us_custom_d9732bde\"><div class=\"vc_column-inner\"><div class=\"wpb_text_column\"><div class=\"wpb_wrapper\"><h3>BPS GmbH<\/h3>\n<p>Dipl. Btw. Ralf Schrewe<br \/>\nGeseker Stra\u00dfe 31<br \/>\n33154 Salzkotten<\/p>\n<\/div><\/div><div class=\"w-separator size_small\"><\/div><div class=\"w-iconbox iconpos_left style_default color_custom align_left no_title\"><div class=\"w-iconbox-icon\" style=\"font-size:25px;--icon-color:var(--color-content-text);\"><i class=\"fas fa-phone-alt\"><\/i><\/div><div class=\"w-iconbox-meta\"><div class=\"w-iconbox-text\"><p><a href=\"tel:+4905258991515\">+49 (0) 52 58 \/ 99 15 15<\/a><\/p>\n<\/div><\/div><\/div><div class=\"w-separator size_small\"><\/div><div class=\"w-iconbox iconpos_left style_default color_custom align_left no_title\"><div class=\"w-iconbox-icon\" style=\"font-size:25px;--icon-color:var(--color-content-text);\"><i class=\"fas fa-fax\"><\/i><\/div><div class=\"w-iconbox-meta\"><div class=\"w-iconbox-text\"><p><a href=\"fax:+4905258991510\">+49 (0) 52 58 \/ 99 15 10<\/a><\/p>\n<\/div><\/div><\/div><div class=\"w-separator size_small\"><\/div><div class=\"w-iconbox iconpos_left style_default color_custom align_left no_title\"><div class=\"w-iconbox-icon\" style=\"font-size:25px;--icon-color:var(--color-content-text);\"><i class=\"fas fa-mobile-alt\"><\/i><\/div><div class=\"w-iconbox-meta\"><div class=\"w-iconbox-text\"><p><a href=\"tel:+4901723767646\">+49 (0) 172 \/ 37 67 646<\/a><\/p>\n<\/div><\/div><\/div><div class=\"w-separator size_small\"><\/div><div class=\"w-iconbox iconpos_left style_default color_custom align_left no_title\"><div class=\"w-iconbox-icon\" style=\"font-size:25px;--icon-color:var(--color-content-text);\"><i class=\"fas fa-envelope\"><\/i><\/div><div class=\"w-iconbox-meta\"><div class=\"w-iconbox-text\"><p><a href=\"mailto:ralf.schrewe@bps-salzkotten.de\">ralf.schrewe@bps-salzkotten.de<\/a><\/p>\n<\/div><\/div><\/div><div class=\"w-separator size_medium\"><\/div><div class=\"wpb_text_column\"><div class=\"wpb_wrapper\"><p><a href=\"https:\/\/www.bps-salzkotten.de\/en\/impressum\/\">Imprint<\/a> | <a href=\"https:\/\/www.bps-salzkotten.de\/en\/datenschutz\/\">Privacy<\/a> | <a href=\"https:\/\/www.bps-salzkotten.de\/wp-content\/uploads\/2023\/01\/agb_bps_gmbh.pdf\">AGB<\/a><\/p>\n<\/div><\/div><\/div><\/div><div class=\"wpb_column vc_column_container\"><div class=\"vc_column-inner\"><div class=\"wpb_text_column\"><div class=\"wpb_wrapper\"><h3>General<\/h3>\n<p><a href=\"https:\/\/www.bps-salzkotten.de\/en\/ueber-uns\/\">About us<\/a><\/p>\n<p><a href=\"https:\/\/www.bps-salzkotten.de\/en\/kontakt\/\">Contact<\/a><\/p>\n<h3><\/h3>\n<\/div><\/div><\/div><\/div><div class=\"wpb_column vc_column_container\"><div class=\"vc_column-inner\"><div class=\"wpb_text_column\"><div class=\"wpb_wrapper\"><h3>Building materials<\/h3>\n<p><a href=\"https:\/\/www.bps-salzkotten.de\/en\/zement-und-kalkgebundene-baustoffe\/\">Cement<\/a><\/p>\n<p><a href=\"https:\/\/www.bps-salzkotten.de\/en\/pechschwarz-intensiv\/\">Pechschwarz Intensiv<\/a><\/p>\n<h3><\/h3>\n<\/div><\/div><\/div><\/div><div class=\"wpb_column vc_column_container\"><div class=\"vc_column-inner\"><div class=\"wpb_text_column\"><div class=\"wpb_wrapper\"><h3>Coloring Asphalt<\/h3>\n<p><a href=\"https:\/\/www.bps-salzkotten.de\/en\/asphalt\/\">Colored asphalt<\/a><\/p>\n<p><a href=\"https:\/\/www.bps-salzkotten.de\/en\/individuelle-verpackungen\/\">Packaging<\/a><\/p>\n<p><a href=\"https:\/\/www.bps-salzkotten.de\/en\/video\/\">Video<\/a><\/p>\n<h3><\/h3>\n<\/div><\/div><\/div><\/div><div class=\"wpb_column vc_column_container\"><div class=\"vc_column-inner\"><div class=\"wpb_text_column\"><div class=\"wpb_wrapper\"><h3>Color Card<\/h3>\n<p><a href=\"https:\/\/www.bps-salzkotten.de\/en\/farbkarte-asphalt\/\">Color Card Asphalt<\/a><\/p>\n<p><a href=\"https:\/\/www.bps-salzkotten.de\/en\/farbkarte-zement\/\">Color Card Cement<\/a><\/p>\n<\/div><\/div><\/div><\/div><\/div><\/div><\/section>\n<\/div><\/div><\/div><\/div><\/section>","protected":false},"excerpt":{"rendered":"BPS GmbH Wir \u00fcber uns \u00dcber uns Die\u00a0BPS GmbH\u00a0mit Sitz in Salzkotten, bei Paderborn wurde in Ihrer heutigen T\u00e4tigkeit im Jahre 2003 gegr\u00fcndet. Neben dem historisch gewachsenem Gesch\u00e4ft \u201eProduktion und Vertrieb\u201c im Bereich Zusatzmittel f\u00fcr Zement und Kalkgebundenen Baustoffen etablierte sich das Unternehmen recht schnell als zuverl\u00e4ssiger Partner im Gesch\u00e4ftsfeld \u201eEinf\u00e4rbung von Beton und Asphalt\u201c....","protected":false},"author":1,"featured_media":0,"parent":0,"menu_order":0,"comment_status":"closed","ping_status":"closed","template":"","meta":{"footnotes":""},"class_list":["post-7793","page","type-page","status-publish","hentry"],"yoast_head":"<!-- This site is optimized with the Yoast SEO plugin v27.1.1 - https:\/\/yoast.com\/product\/yoast-seo-wordpress\/ -->\n<title>\u00dcber uns - BPS Baustoff - und Handels GmbH<\/title>\n<meta name=\"description\" content=\"Die\u00a0BPS GmbH\u00a0mit Sitz in Salzkotten, bei Paderborn wurde in Ihrer heutigen T\u00e4tigkeit im Jahre 2003 gegr\u00fcndet. Neben dem historisch\u2026\" \/>\n<meta name=\"robots\" content=\"index, follow, max-snippet:-1, max-image-preview:large, max-video-preview:-1\" \/>\n<link rel=\"canonical\" href=\"https:\/\/www.bps-salzkotten.de\/en\/ueber-uns\/\" \/>\n<meta property=\"og:locale\" content=\"en_US\" \/>\n<meta property=\"og:type\" content=\"article\" \/>\n<meta property=\"og:title\" content=\"\u00dcber uns - BPS Baustoff - und Handels GmbH\" \/>\n<meta property=\"og:description\" content=\"Die\u00a0BPS GmbH\u00a0mit Sitz in Salzkotten, bei Paderborn wurde in Ihrer heutigen T\u00e4tigkeit im Jahre 2003 gegr\u00fcndet. Neben dem historisch\u2026\" \/>\n<meta property=\"og:url\" content=\"https:\/\/www.bps-salzkotten.de\/en\/ueber-uns\/\" \/>\n<meta property=\"og:site_name\" content=\"BPS Baustoff - und Handels GmbH\" \/>\n<meta property=\"article:modified_time\" content=\"2023-02-06T08:22:12+00:00\" \/>\n<meta name=\"twitter:card\" content=\"summary_large_image\" \/>\n<meta name=\"twitter:label1\" content=\"Est. reading time\" \/>\n\t<meta name=\"twitter:data1\" content=\"2 minutes\" \/>\n<script type=\"application\/ld+json\" class=\"yoast-schema-graph\">{\"@context\":\"https:\/\/schema.org\",\"@graph\":[{\"@type\":[\"WebPage\",\"AboutPage\"],\"@id\":\"https:\/\/www.bps-salzkotten.de\/ueber-uns\/\",\"url\":\"https:\/\/www.bps-salzkotten.de\/ueber-uns\/\",\"name\":\"\u00dcber uns - BPS Baustoff - und Handels GmbH\",\"isPartOf\":{\"@id\":\"https:\/\/www.bps-salzkotten.de\/#website\"},\"datePublished\":\"2023-01-25T15:37:21+00:00\",\"dateModified\":\"2023-02-06T08:22:12+00:00\",\"description\":\"Die\u00a0BPS GmbH\u00a0mit Sitz in Salzkotten, bei Paderborn wurde in Ihrer heutigen T\u00e4tigkeit im Jahre 2003 gegr\u00fcndet. Neben dem historisch\u2026\",\"breadcrumb\":{\"@id\":\"https:\/\/www.bps-salzkotten.de\/ueber-uns\/#breadcrumb\"},\"inLanguage\":\"en-US\",\"potentialAction\":[{\"@type\":\"ReadAction\",\"target\":[\"https:\/\/www.bps-salzkotten.de\/ueber-uns\/\"]}]},{\"@type\":\"BreadcrumbList\",\"@id\":\"https:\/\/www.bps-salzkotten.de\/ueber-uns\/#breadcrumb\",\"itemListElement\":[{\"@type\":\"ListItem\",\"position\":1,\"name\":\"Startseite\",\"item\":\"https:\/\/www.bps-salzkotten.de\/\"},{\"@type\":\"ListItem\",\"position\":2,\"name\":\"\u00dcber uns\"}]},{\"@type\":\"WebSite\",\"@id\":\"https:\/\/www.bps-salzkotten.de\/#website\",\"url\":\"https:\/\/www.bps-salzkotten.de\/\",\"name\":\"BPS Baustoff - und Handels GmbH\",\"description\":\"\",\"potentialAction\":[{\"@type\":\"SearchAction\",\"target\":{\"@type\":\"EntryPoint\",\"urlTemplate\":\"https:\/\/www.bps-salzkotten.de\/?s={search_term_string}\"},\"query-input\":{\"@type\":\"PropertyValueSpecification\",\"valueRequired\":true,\"valueName\":\"search_term_string\"}}],\"inLanguage\":\"en-US\"}]}<\/script>\n<!-- \/ Yoast SEO plugin. -->","yoast_head_json":{"title":"\u00dcber uns - BPS Baustoff - und Handels GmbH","description":"Die\u00a0BPS GmbH\u00a0mit Sitz in Salzkotten, bei Paderborn wurde in Ihrer heutigen T\u00e4tigkeit im Jahre 2003 gegr\u00fcndet. Neben dem historisch\u2026","robots":{"index":"index","follow":"follow","max-snippet":"max-snippet:-1","max-image-preview":"max-image-preview:large","max-video-preview":"max-video-preview:-1"},"canonical":"https:\/\/www.bps-salzkotten.de\/en\/ueber-uns\/","og_locale":"en_US","og_type":"article","og_title":"\u00dcber uns - BPS Baustoff - und Handels GmbH","og_description":"Die\u00a0BPS GmbH\u00a0mit Sitz in Salzkotten, bei Paderborn wurde in Ihrer heutigen T\u00e4tigkeit im Jahre 2003 gegr\u00fcndet. Neben dem historisch\u2026","og_url":"https:\/\/www.bps-salzkotten.de\/en\/ueber-uns\/","og_site_name":"BPS Baustoff - und Handels GmbH","article_modified_time":"2023-02-06T08:22:12+00:00","twitter_card":"summary_large_image","twitter_misc":{"Est. reading time":"2 minutes"},"schema":{"@context":"https:\/\/schema.org","@graph":[{"@type":["WebPage","AboutPage"],"@id":"https:\/\/www.bps-salzkotten.de\/ueber-uns\/","url":"https:\/\/www.bps-salzkotten.de\/ueber-uns\/","name":"\u00dcber uns - BPS Baustoff - und Handels GmbH","isPartOf":{"@id":"https:\/\/www.bps-salzkotten.de\/#website"},"datePublished":"2023-01-25T15:37:21+00:00","dateModified":"2023-02-06T08:22:12+00:00","description":"Die\u00a0BPS GmbH\u00a0mit Sitz in Salzkotten, bei Paderborn wurde in Ihrer heutigen T\u00e4tigkeit im Jahre 2003 gegr\u00fcndet. Neben dem historisch\u2026","breadcrumb":{"@id":"https:\/\/www.bps-salzkotten.de\/ueber-uns\/#breadcrumb"},"inLanguage":"en-US","potentialAction":[{"@type":"ReadAction","target":["https:\/\/www.bps-salzkotten.de\/ueber-uns\/"]}]},{"@type":"BreadcrumbList","@id":"https:\/\/www.bps-salzkotten.de\/ueber-uns\/#breadcrumb","itemListElement":[{"@type":"ListItem","position":1,"name":"Startseite","item":"https:\/\/www.bps-salzkotten.de\/"},{"@type":"ListItem","position":2,"name":"\u00dcber uns"}]},{"@type":"WebSite","@id":"https:\/\/www.bps-salzkotten.de\/#website","url":"https:\/\/www.bps-salzkotten.de\/","name":"BPS Baustoff - und Handels GmbH","description":"","potentialAction":[{"@type":"SearchAction","target":{"@type":"EntryPoint","urlTemplate":"https:\/\/www.bps-salzkotten.de\/?s={search_term_string}"},"query-input":{"@type":"PropertyValueSpecification","valueRequired":true,"valueName":"search_term_string"}}],"inLanguage":"en-US"}]}},"_links":{"self":[{"href":"https:\/\/www.bps-salzkotten.de\/en\/wp-json\/wp\/v2\/pages\/7793","targetHints":{"allow":["GET"]}}],"collection":[{"href":"https:\/\/www.bps-salzkotten.de\/en\/wp-json\/wp\/v2\/pages"}],"about":[{"href":"https:\/\/www.bps-salzkotten.de\/en\/wp-json\/wp\/v2\/types\/page"}],"author":[{"embeddable":true,"href":"https:\/\/www.bps-salzkotten.de\/en\/wp-json\/wp\/v2\/users\/1"}],"replies":[{"embeddable":true,"href":"https:\/\/www.bps-salzkotten.de\/en\/wp-json\/wp\/v2\/comments?post=7793"}],"version-history":[{"count":7,"href":"https:\/\/www.bps-salzkotten.de\/en\/wp-json\/wp\/v2\/pages\/7793\/revisions"}],"predecessor-version":[{"id":7873,"href":"https:\/\/www.bps-salzkotten.de\/en\/wp-json\/wp\/v2\/pages\/7793\/revisions\/7873"}],"wp:attachment":[{"href":"https:\/\/www.bps-salzkotten.de\/en\/wp-json\/wp\/v2\/media?parent=7793"}],"curies":[{"name":"wp","href":"https:\/\/api.w.org\/{rel}","templated":true}]}}