{"id":3,"date":"2023-01-25T16:09:33","date_gmt":"2023-01-25T15:09:33","guid":{"rendered":"https:\/\/www.bps-salzkotten.de\/?page_id=3"},"modified":"2023-01-26T15:58:14","modified_gmt":"2023-01-26T14:58:14","slug":"datenschutz","status":"publish","type":"page","link":"https:\/\/www.bps-salzkotten.de\/en\/datenschutz\/","title":{"rendered":"Privacy"},"content":{"rendered":"<section class=\"l-section wpb_row height_custom\"><div class=\"l-section-h i-cf\"><div class=\"g-cols vc_row via_grid cols_1 laptops-cols_inherit tablets-cols_inherit mobiles-cols_1 valign_top type_default stacking_default\"><div class=\"wpb_column vc_column_container\"><div class=\"vc_column-inner\"><div class=\"wpb_text_column\"><div class=\"wpb_wrapper\"><h1>Privacy policy<\/h1>\n<p>Responsible body in the sense of the data protection laws is: Ralf Schrewe<\/p>\n<h2>Collection of general information<\/h2>\n<p>When you access our website, information of a general nature is automatically collected. This information (server log files) includes, for example, the type of web browser, the operating system used, the domain name of your Internet service provider and the like. This is exclusively information that does not allow any conclusions to be drawn about your person. This information is technically necessary in order to correctly deliver the content of web pages requested by you and is mandatory when using the Internet. Anonymous information of this kind is statistically evaluated by us in order to optimize our Internet presence and the technology behind it.<\/p>\n<h2>Cookies<\/h2>\n<p>Like many other websites, we also use so-called \"cookies\". Cookies are small text files that are transferred from a website server to your hard drive. Through this, we automatically receive certain data such as IP address, browser used, operating system about your computer and your connection to the Internet.<\/p>\n<p>Cookies cannot be used to launch programs or transfer viruses to a computer. Based on the information contained in cookies, we can facilitate your navigation and enable the correct display of our web pages.<\/p>\n<p>Under no circumstances will the data we collect be passed on to third parties or linked to personal data without your consent.<\/p>\n<p>Of course, you can also view our website without cookies in principle. Internet browsers are regularly set to accept cookies. You can deactivate the use of cookies at any time via your browser settings. Please use the help functions of your Internet browser to find out how to change these settings. Please note that individual functions of our website may not work if you have disabled the use of cookies.<\/p>\n<h2>Provision of chargeable services<\/h2>\n<p>In order to provide chargeable services, we request additional data, such as payment details.<\/p>\n<h2>SSL encryption<\/h2>\n<p>To protect the security of your data during transmission, we use state-of-the-art encryption methods (e.g. SSL) via HTTPS.<\/p>\n<h2>Contact form<\/h2>\n<p>If you contact us by e-mail or contact form, the information you provide will be stored for the purpose of processing the request and for possible follow-up questions.<\/p>\n<h2>Deletion or blocking of the data<\/h2>\n<p>We adhere to the principles of data avoidance and data economy. We therefore only store your personal data for as long as is necessary to achieve the purposes stated here or as stipulated by the various storage periods provided for by law. After the respective purpose has ceased to exist or these periods have expired, the corresponding data is routinely blocked or deleted in accordance with the statutory provisions.<\/p>\n<h2>Use of script libraries (Google Webfonts)<\/h2>\n<p class=\"translation-block\">In order to display our content correctly and graphically appealing across browsers, we use script libraries and font libraries such as Google Web Fonts (<a href=\"http:\/\/www.google.com\/webfonts\/\" target=\"_self\">https:\/\/www.google.com\/webfonts\/<\/a>) on this website. Google Web Fonts are transferred to your browser's cache to avoid multiple loads. If the browser does not support Google Web Fonts or prevents access, content is displayed in a standard font.<\/p>\n<p>Calling up script libraries or font libraries automatically triggers a connection to the operator of the library. It is theoretically possible - although it is currently unclear whether and for what purposes - that the operators of such libraries collect data.<\/p>\n<p>Die Datenschutzrichtlinie des Bibliothekbetreibers Google finden Sie hier:\u00a0<a href=\"https:\/\/www.google.com\/policies\/privacy\/\">https:\/\/www.google.com\/policies\/privacy\/<\/a><\/p>\n<h2>Use of Google Maps<\/h2>\n<p class=\"translation-block\">Diese Webseite verwendet Google Maps API, um geographische Informationen visuell darzustellen. Bei der Nutzung von Google Maps werden von Google auch Daten \u00fcber die Nutzung der Kartenfunktionen durch Besucher erhoben, verarbeitet und genutzt. N\u00e4here Informationen \u00fcber die Datenverarbeitung durch Google k\u00f6nnen Sie <a href=\"http:\/\/www.google.com\/privacypolicy.html\" target=\"_self\">den Google-Datenschutzhinweisen<\/a> entnehmen. Dort k\u00f6nnen Sie im Datenschutzcenter auch Ihre pers\u00f6nlichen Datenschutz-Einstellungen ver\u00e4ndern.<\/p>\n<p>Detailed instructions on how to manage your own data in connection with Google products can be found here.<a href=\"http:\/\/www.dataliberation.org\/\">\u00a0finden Sie hier<\/a>.<\/p>\n<h2>Social Plugins<\/h2>\n<p>We offer you the possibility of using so-called \"social media buttons\" on our website. To protect your data, we rely on the \"Shariff\" solution for implementation. This means that these buttons are only integrated on the website as a graphic that contains a link to the corresponding website of the button provider. By clicking on the graphic, you are thus redirected to the services of the respective provider. Only then will your data be sent to the respective providers. Unless you click on the graphic, no exchange of any kind takes place between you and the providers of the social media buttons. Information about the collection and use of your data in the social networks can be found in the respective terms of use of the corresponding providers. You can find more information about the Shariff solution here:\u00a0<a href=\"http:\/\/www.heise.de\/ct\/artikel\/Shariff-Social-Media-Buttons-mit-Datenschutz-2467514.html\" target=\"_blank\" rel=\"noopener\">http:\/\/www.heise.de\/ct\/artikel\/Shariff-Social-Media-Buttons-mit-Datenschutz-2467514.html<\/a><\/p>\n<p>We have integrated the social media buttons of the following companies on our website:<\/p>\n<p>Facebook Inc. (1601 S. California Ave &#8211; Palo Alto &#8211; CA 94304 &#8211; USA)<\/p>\n<h2><strong>Your rights to information, correction, blocking, deletion and objection<\/strong><\/h2>\n<p>You have the right to obtain information about your personal data stored by us at any time. You also have the right to have your personal data corrected, blocked or, apart from the mandatory data storage for business processing, deleted. Please contact our data protection officer for this purpose. You will find the contact details at the very bottom.<\/p>\n<p>To ensure that a block on data can be taken into account at any time, this data must be kept in a blocking file for control purposes. You can also request the deletion of data, unless there is a legal archiving obligation. If such an obligation exists, we will block your data upon request.<\/p>\n<p>You can make changes or revoke consent by notifying us accordingly with effect for the future.<\/p>\n<h2><strong>Change to our privacy policy<\/strong><\/h2>\n<p>We reserve the right to occasionally adapt this data protection declaration so that it always complies with the current legal requirements or in order to implement changes to our services in the data protection declaration, e.g. when introducing new services. The new privacy policy will then apply to your next visit.<\/p>\n<h2><strong>Questions for the data protection officer<\/strong><\/h2>\n<p>If you have any questions about data protection, please write us an e-mail or contact our data protection officer directly:<\/p>\n<p><span id=\"cloak28643\"><a href=\"mailto:ralf.schrewe@bps-salzkotten.de\">ralf.schrewe@bps-salzkotten.de<\/a><\/span><\/p>\n<p><em>The privacy policy was created with the\u00a0<\/em><a href=\"https:\/\/www.activemind.de\/datenschutz\/datenschutzhinweis-generator\/\"><em>Data protection declaration generator created by activeMind AG<\/em><\/a><em>.<\/em><\/p>\n<\/div><\/div><\/div><\/div><\/div><\/div><\/section><section class=\"l-section wpb_row height_auto\"><div class=\"l-section-h i-cf\"><div class=\"g-cols vc_row via_grid cols_1 laptops-cols_inherit tablets-cols_inherit mobiles-cols_1 valign_top type_default stacking_default\"><div class=\"wpb_column vc_column_container\"><div class=\"vc_column-inner\"><section class=\"l-section wpb_row us_custom_e676386f height_custom\"><div class=\"l-section-h i-cf\"><div class=\"g-cols vc_row via_grid cols_custom laptops-cols_inherit tablets-cols_inherit mobiles-cols_1 valign_top type_default stacking_default\" style=\"--custom-columns:2fr 1fr 1fr 1fr 1fr \"><div class=\"wpb_column vc_column_container us_custom_d9732bde\"><div class=\"vc_column-inner\"><div class=\"wpb_text_column\"><div class=\"wpb_wrapper\"><h3>BPS GmbH<\/h3>\n<p>Dipl. Btw. Ralf Schrewe<br \/>\nGeseker Stra\u00dfe 31<br \/>\n33154 Salzkotten<\/p>\n<\/div><\/div><div class=\"w-separator size_small\"><\/div><div class=\"w-iconbox iconpos_left style_default color_custom align_left no_title\"><div class=\"w-iconbox-icon\" style=\"font-size:25px;--icon-color:var(--color-content-text);\"><i class=\"fas fa-phone-alt\"><\/i><\/div><div class=\"w-iconbox-meta\"><div class=\"w-iconbox-text\"><p><a href=\"tel:+4905258991515\">+49 (0) 52 58 \/ 99 15 15<\/a><\/p>\n<\/div><\/div><\/div><div class=\"w-separator size_small\"><\/div><div class=\"w-iconbox iconpos_left style_default color_custom align_left no_title\"><div class=\"w-iconbox-icon\" style=\"font-size:25px;--icon-color:var(--color-content-text);\"><i class=\"fas fa-fax\"><\/i><\/div><div class=\"w-iconbox-meta\"><div class=\"w-iconbox-text\"><p><a href=\"fax:+4905258991510\">+49 (0) 52 58 \/ 99 15 10<\/a><\/p>\n<\/div><\/div><\/div><div class=\"w-separator size_small\"><\/div><div class=\"w-iconbox iconpos_left style_default color_custom align_left no_title\"><div class=\"w-iconbox-icon\" style=\"font-size:25px;--icon-color:var(--color-content-text);\"><i class=\"fas fa-mobile-alt\"><\/i><\/div><div class=\"w-iconbox-meta\"><div class=\"w-iconbox-text\"><p><a href=\"tel:+4901723767646\">+49 (0) 172 \/ 37 67 646<\/a><\/p>\n<\/div><\/div><\/div><div class=\"w-separator size_small\"><\/div><div class=\"w-iconbox iconpos_left style_default color_custom align_left no_title\"><div class=\"w-iconbox-icon\" style=\"font-size:25px;--icon-color:var(--color-content-text);\"><i class=\"fas fa-envelope\"><\/i><\/div><div class=\"w-iconbox-meta\"><div class=\"w-iconbox-text\"><p><a href=\"mailto:ralf.schrewe@bps-salzkotten.de\">ralf.schrewe@bps-salzkotten.de<\/a><\/p>\n<\/div><\/div><\/div><div class=\"w-separator size_medium\"><\/div><div class=\"wpb_text_column\"><div class=\"wpb_wrapper\"><p><a href=\"https:\/\/www.bps-salzkotten.de\/en\/impressum\/\">Imprint<\/a> | <a href=\"https:\/\/www.bps-salzkotten.de\/en\/datenschutz\/\">Privacy<\/a> | <a href=\"https:\/\/www.bps-salzkotten.de\/wp-content\/uploads\/2023\/01\/agb_bps_gmbh.pdf\">AGB<\/a><\/p>\n<\/div><\/div><\/div><\/div><div class=\"wpb_column vc_column_container\"><div class=\"vc_column-inner\"><div class=\"wpb_text_column\"><div class=\"wpb_wrapper\"><h3>General<\/h3>\n<p><a href=\"https:\/\/www.bps-salzkotten.de\/en\/ueber-uns\/\">About us<\/a><\/p>\n<p><a href=\"https:\/\/www.bps-salzkotten.de\/en\/kontakt\/\">Contact<\/a><\/p>\n<h3><\/h3>\n<\/div><\/div><\/div><\/div><div class=\"wpb_column vc_column_container\"><div class=\"vc_column-inner\"><div class=\"wpb_text_column\"><div class=\"wpb_wrapper\"><h3>Building materials<\/h3>\n<p><a href=\"https:\/\/www.bps-salzkotten.de\/en\/zement-und-kalkgebundene-baustoffe\/\">Cement<\/a><\/p>\n<p><a href=\"https:\/\/www.bps-salzkotten.de\/en\/pechschwarz-intensiv\/\">Pechschwarz Intensiv<\/a><\/p>\n<h3><\/h3>\n<\/div><\/div><\/div><\/div><div class=\"wpb_column vc_column_container\"><div class=\"vc_column-inner\"><div class=\"wpb_text_column\"><div class=\"wpb_wrapper\"><h3>Coloring Asphalt<\/h3>\n<p><a href=\"https:\/\/www.bps-salzkotten.de\/en\/asphalt\/\">Colored asphalt<\/a><\/p>\n<p><a href=\"https:\/\/www.bps-salzkotten.de\/en\/individuelle-verpackungen\/\">Packaging<\/a><\/p>\n<p><a href=\"https:\/\/www.bps-salzkotten.de\/en\/video\/\">Video<\/a><\/p>\n<h3><\/h3>\n<\/div><\/div><\/div><\/div><div class=\"wpb_column vc_column_container\"><div class=\"vc_column-inner\"><div class=\"wpb_text_column\"><div class=\"wpb_wrapper\"><h3>Color Card<\/h3>\n<p><a href=\"https:\/\/www.bps-salzkotten.de\/en\/farbkarte-asphalt\/\">Color Card Asphalt<\/a><\/p>\n<p><a href=\"https:\/\/www.bps-salzkotten.de\/en\/farbkarte-zement\/\">Color Card Cement<\/a><\/p>\n<\/div><\/div><\/div><\/div><\/div><\/div><\/section>\n<\/div><\/div><\/div><\/div><\/section>","protected":false},"excerpt":{"rendered":"Datenschutzerkl\u00e4rung Verantwortliche Stelle im Sinne der Datenschutzgesetze ist: Ralf Schrewe Erfassung allgemeiner Informationen Wenn Sie auf unsere Webseite zugreifen, werden automatisch Informationen allgemeiner Natur erfasst. Diese Informationen (Server-Logfiles) beinhalten etwa die Art des Webbrowsers, das verwendete Betriebssystem, den Domainnamen Ihres Internet Service Providers und \u00c4hnliches. Hierbei handelt es sich ausschlie\u00dflich um Informationen, welche keine R\u00fcckschl\u00fcsse...","protected":false},"author":1,"featured_media":0,"parent":0,"menu_order":0,"comment_status":"closed","ping_status":"open","template":"","meta":{"footnotes":""},"class_list":["post-3","page","type-page","status-publish","hentry"],"yoast_head":"<!-- This site is optimized with the Yoast SEO plugin v27.1.1 - https:\/\/yoast.com\/product\/yoast-seo-wordpress\/ -->\n<title>Datenschutz - BPS Baustoff - und Handels GmbH<\/title>\n<meta name=\"robots\" content=\"index, follow, max-snippet:-1, max-image-preview:large, max-video-preview:-1\" \/>\n<link rel=\"canonical\" href=\"https:\/\/www.bps-salzkotten.de\/en\/datenschutz\/\" \/>\n<meta property=\"og:locale\" content=\"en_US\" \/>\n<meta property=\"og:type\" content=\"article\" \/>\n<meta property=\"og:title\" content=\"Datenschutz - BPS Baustoff - und Handels GmbH\" \/>\n<meta property=\"og:url\" content=\"https:\/\/www.bps-salzkotten.de\/en\/datenschutz\/\" \/>\n<meta property=\"og:site_name\" content=\"BPS Baustoff - und Handels GmbH\" \/>\n<meta property=\"article:modified_time\" content=\"2023-01-26T14:58:14+00:00\" \/>\n<meta name=\"twitter:card\" content=\"summary_large_image\" \/>\n<meta name=\"twitter:label1\" content=\"Est. reading time\" \/>\n\t<meta name=\"twitter:data1\" content=\"5 minutes\" \/>\n<script type=\"application\/ld+json\" class=\"yoast-schema-graph\">{\"@context\":\"https:\/\/schema.org\",\"@graph\":[{\"@type\":\"WebPage\",\"@id\":\"https:\/\/www.bps-salzkotten.de\/datenschutz\/\",\"url\":\"https:\/\/www.bps-salzkotten.de\/datenschutz\/\",\"name\":\"Datenschutz - BPS Baustoff - und Handels GmbH\",\"isPartOf\":{\"@id\":\"https:\/\/www.bps-salzkotten.de\/#website\"},\"datePublished\":\"2023-01-25T15:09:33+00:00\",\"dateModified\":\"2023-01-26T14:58:14+00:00\",\"breadcrumb\":{\"@id\":\"https:\/\/www.bps-salzkotten.de\/datenschutz\/#breadcrumb\"},\"inLanguage\":\"en-US\",\"potentialAction\":[{\"@type\":\"ReadAction\",\"target\":[\"https:\/\/www.bps-salzkotten.de\/datenschutz\/\"]}]},{\"@type\":\"BreadcrumbList\",\"@id\":\"https:\/\/www.bps-salzkotten.de\/datenschutz\/#breadcrumb\",\"itemListElement\":[{\"@type\":\"ListItem\",\"position\":1,\"name\":\"Startseite\",\"item\":\"https:\/\/www.bps-salzkotten.de\/\"},{\"@type\":\"ListItem\",\"position\":2,\"name\":\"Datenschutz\"}]},{\"@type\":\"WebSite\",\"@id\":\"https:\/\/www.bps-salzkotten.de\/#website\",\"url\":\"https:\/\/www.bps-salzkotten.de\/\",\"name\":\"BPS Baustoff - und Handels GmbH\",\"description\":\"\",\"potentialAction\":[{\"@type\":\"SearchAction\",\"target\":{\"@type\":\"EntryPoint\",\"urlTemplate\":\"https:\/\/www.bps-salzkotten.de\/?s={search_term_string}\"},\"query-input\":{\"@type\":\"PropertyValueSpecification\",\"valueRequired\":true,\"valueName\":\"search_term_string\"}}],\"inLanguage\":\"en-US\"}]}<\/script>\n<!-- \/ Yoast SEO plugin. -->","yoast_head_json":{"title":"Datenschutz - BPS Baustoff - und Handels GmbH","robots":{"index":"index","follow":"follow","max-snippet":"max-snippet:-1","max-image-preview":"max-image-preview:large","max-video-preview":"max-video-preview:-1"},"canonical":"https:\/\/www.bps-salzkotten.de\/en\/datenschutz\/","og_locale":"en_US","og_type":"article","og_title":"Datenschutz - BPS Baustoff - und Handels GmbH","og_url":"https:\/\/www.bps-salzkotten.de\/en\/datenschutz\/","og_site_name":"BPS Baustoff - und Handels GmbH","article_modified_time":"2023-01-26T14:58:14+00:00","twitter_card":"summary_large_image","twitter_misc":{"Est. reading time":"5 minutes"},"schema":{"@context":"https:\/\/schema.org","@graph":[{"@type":"WebPage","@id":"https:\/\/www.bps-salzkotten.de\/datenschutz\/","url":"https:\/\/www.bps-salzkotten.de\/datenschutz\/","name":"Datenschutz - BPS Baustoff - und Handels GmbH","isPartOf":{"@id":"https:\/\/www.bps-salzkotten.de\/#website"},"datePublished":"2023-01-25T15:09:33+00:00","dateModified":"2023-01-26T14:58:14+00:00","breadcrumb":{"@id":"https:\/\/www.bps-salzkotten.de\/datenschutz\/#breadcrumb"},"inLanguage":"en-US","potentialAction":[{"@type":"ReadAction","target":["https:\/\/www.bps-salzkotten.de\/datenschutz\/"]}]},{"@type":"BreadcrumbList","@id":"https:\/\/www.bps-salzkotten.de\/datenschutz\/#breadcrumb","itemListElement":[{"@type":"ListItem","position":1,"name":"Startseite","item":"https:\/\/www.bps-salzkotten.de\/"},{"@type":"ListItem","position":2,"name":"Datenschutz"}]},{"@type":"WebSite","@id":"https:\/\/www.bps-salzkotten.de\/#website","url":"https:\/\/www.bps-salzkotten.de\/","name":"BPS Baustoff - und Handels GmbH","description":"","potentialAction":[{"@type":"SearchAction","target":{"@type":"EntryPoint","urlTemplate":"https:\/\/www.bps-salzkotten.de\/?s={search_term_string}"},"query-input":{"@type":"PropertyValueSpecification","valueRequired":true,"valueName":"search_term_string"}}],"inLanguage":"en-US"}]}},"_links":{"self":[{"href":"https:\/\/www.bps-salzkotten.de\/en\/wp-json\/wp\/v2\/pages\/3","targetHints":{"allow":["GET"]}}],"collection":[{"href":"https:\/\/www.bps-salzkotten.de\/en\/wp-json\/wp\/v2\/pages"}],"about":[{"href":"https:\/\/www.bps-salzkotten.de\/en\/wp-json\/wp\/v2\/types\/page"}],"author":[{"embeddable":true,"href":"https:\/\/www.bps-salzkotten.de\/en\/wp-json\/wp\/v2\/users\/1"}],"replies":[{"embeddable":true,"href":"https:\/\/www.bps-salzkotten.de\/en\/wp-json\/wp\/v2\/comments?post=3"}],"version-history":[{"count":4,"href":"https:\/\/www.bps-salzkotten.de\/en\/wp-json\/wp\/v2\/pages\/3\/revisions"}],"predecessor-version":[{"id":7996,"href":"https:\/\/www.bps-salzkotten.de\/en\/wp-json\/wp\/v2\/pages\/3\/revisions\/7996"}],"wp:attachment":[{"href":"https:\/\/www.bps-salzkotten.de\/en\/wp-json\/wp\/v2\/media?parent=3"}],"curies":[{"name":"wp","href":"https:\/\/api.w.org\/{rel}","templated":true}]}}